{"id":739,"date":"2025-04-22T08:21:26","date_gmt":"2025-04-22T08:21:26","guid":{"rendered":"https:\/\/cubikrenovation.com\/?page_id=739"},"modified":"2025-05-09T21:21:49","modified_gmt":"2025-05-09T21:21:49","slug":"a-propos","status":"publish","type":"page","link":"https:\/\/cubikrenovation.com\/en\/a-propos\/","title":{"rendered":"About"},"content":{"rendered":"<div data-elementor-type=\"wp-page\" data-elementor-id=\"739\" class=\"elementor elementor-739\" data-elementor-post-type=\"page\">\n\t\t\t\t<div class=\"elementor-element elementor-element-47af13f e-flex e-con-boxed e-con e-parent\" data-id=\"47af13f\" data-element_type=\"container\" data-settings=\"{&quot;background_background&quot;:&quot;classic&quot;}\">\n\t\t\t\t\t<div class=\"e-con-inner\">\n\t\t\t\t<div class=\"elementor-element elementor-element-0e56320 elementor-widget elementor-widget-heading\" data-id=\"0e56320\" data-element_type=\"widget\" data-widget_type=\"heading.default\">\n\t\t\t\t<div class=\"elementor-widget-container\">\n\t\t\t\t\t<h4 class=\"elementor-heading-title elementor-size-default\">About<\/h4>\t\t\t\t<\/div>\n\t\t\t\t<\/div>\n\t\t\t\t<div class=\"elementor-element elementor-element-0144889 elementor-widget elementor-widget-heading\" data-id=\"0144889\" data-element_type=\"widget\" data-widget_type=\"heading.default\">\n\t\t\t\t<div class=\"elementor-widget-container\">\n\t\t\t\t\t<h2 class=\"elementor-heading-title elementor-size-default\">The CUBIK RENOVATION Journey<\/h2>\t\t\t\t<\/div>\n\t\t\t\t<\/div>\n\t\t\t\t\t<\/div>\n\t\t\t\t<\/div>\n\t\t<div class=\"elementor-element elementor-element-2ce3278 e-con-full e-flex e-con e-parent\" data-id=\"2ce3278\" data-element_type=\"container\">\n\t\t<div class=\"elementor-element elementor-element-a788f8f e-con-full e-flex e-con e-child\" data-id=\"a788f8f\" data-element_type=\"container\" data-settings=\"{&quot;background_background&quot;:&quot;classic&quot;}\">\n\t\t\t\t<\/div>\n\t\t<div class=\"elementor-element elementor-element-5baf8da e-con-full e-flex e-con e-child\" data-id=\"5baf8da\" data-element_type=\"container\">\n\t\t\t\t<div class=\"elementor-element elementor-element-fda7efe elementor-widget elementor-widget-text-editor\" data-id=\"fda7efe\" data-element_type=\"widget\" data-widget_type=\"text-editor.default\">\n\t\t\t\t<div class=\"elementor-widget-container\">\n\t\t\t\t\t\t\t\t\t<p><strong><span class=\"OYPEnA font-feature-liga-off font-feature-clig-off font-feature-calt-off text-decoration-none text-strikethrough-none\">CUBIK RENOVATION,<\/span><\/strong><span class=\"OYPEnA font-feature-liga-off font-feature-clig-off font-feature-calt-off text-decoration-none text-strikethrough-none\"> is the story of <\/span><span class=\"OYPEnA font-feature-liga-off font-feature-clig-off font-feature-calt-off text-decoration-none text-strikethrough-none\">Max et Marc<\/span><span class=\"OYPEnA font-feature-liga-off font-feature-clig-off font-feature-calt-off text-decoration-none text-strikethrough-none\">, two passionate builders and renovators\nunited by a shared vision.<\/span><\/p><p>With over 22 years of experience, we are committed to creating exceptional living spaces through:<\/p><ul><li><span class=\"OYPEnA font-feature-liga-off font-feature-clig-off font-feature-calt-off text-decoration-none text-strikethrough-none\">Outstanding customer service<\/span><\/li><li><span class=\"OYPEnA font-feature-liga-off font-feature-clig-off font-feature-calt-off text-decoration-none text-strikethrough-none\">Impeccable technical quality<\/span><\/li><li><span class=\"OYPEnA font-feature-liga-off font-feature-clig-off font-feature-calt-off text-decoration-none text-strikethrough-none\">Personalized guidance from start to finish<\/span><\/li><\/ul><p><span class=\"OYPEnA font-feature-liga-off font-feature-clig-off font-feature-calt-off text-decoration-none text-strikethrough-none\"><br \/><strong>Our mission:<\/strong> To exceed your expectations by turning your ideas into reality.<\/span><\/p><p><strong>Licence RBQ : <\/strong>5829-0453-01<\/p>\t\t\t\t\t\t\t\t<\/div>\n\t\t\t\t<\/div>\n\t\t\t\t<\/div>\n\t\t\t\t<\/div>\n\t\t\t\t<\/div>","protected":false},"excerpt":{"rendered":"<p>\u00c0 propos L\u2019aventure CUBIK RENOVATION CUBIK RENOVATION, c\u2019est l\u2019histoire de Max et Marc, deux passionn\u00e9s de construction et de r\u00e9novation r\u00e9unis par une vision commune. Avec plus de 22 ans d\u2019exp\u00e9rience, nous nous engageons \u00e0 cr\u00e9er des espaces de vie remarquables gr\u00e2ce \u00e0: Un service client exemplaire Une qualit\u00e9 technique irr\u00e9prochable Un accompagnement personnalis\u00e9 de [&hellip;]<\/p>","protected":false},"author":1,"featured_media":0,"parent":0,"menu_order":0,"comment_status":"closed","ping_status":"closed","template":"elementor_header_footer","meta":{"footnotes":""},"class_list":["post-739","page","type-page","status-publish","hentry"],"_links":{"self":[{"href":"https:\/\/cubikrenovation.com\/en\/wp-json\/wp\/v2\/pages\/739","targetHints":{"allow":["GET"]}}],"collection":[{"href":"https:\/\/cubikrenovation.com\/en\/wp-json\/wp\/v2\/pages"}],"about":[{"href":"https:\/\/cubikrenovation.com\/en\/wp-json\/wp\/v2\/types\/page"}],"author":[{"embeddable":true,"href":"https:\/\/cubikrenovation.com\/en\/wp-json\/wp\/v2\/users\/1"}],"replies":[{"embeddable":true,"href":"https:\/\/cubikrenovation.com\/en\/wp-json\/wp\/v2\/comments?post=739"}],"version-history":[{"count":73,"href":"https:\/\/cubikrenovation.com\/en\/wp-json\/wp\/v2\/pages\/739\/revisions"}],"predecessor-version":[{"id":1414,"href":"https:\/\/cubikrenovation.com\/en\/wp-json\/wp\/v2\/pages\/739\/revisions\/1414"}],"wp:attachment":[{"href":"https:\/\/cubikrenovation.com\/en\/wp-json\/wp\/v2\/media?parent=739"}],"curies":[{"name":"wp","href":"https:\/\/api.w.org\/{rel}","templated":true}]}}