{"id":822,"date":"2025-04-22T09:10:41","date_gmt":"2025-04-22T09:10:41","guid":{"rendered":"https:\/\/cubikrenovation.com\/?page_id=822"},"modified":"2025-05-09T19:13:13","modified_gmt":"2025-05-09T19:13:13","slug":"realisation-et-blogue","status":"publish","type":"page","link":"https:\/\/cubikrenovation.com\/en\/realisation-et-blogue\/","title":{"rendered":"R\u00e9alisation et blogue"},"content":{"rendered":"<div data-elementor-type=\"wp-page\" data-elementor-id=\"822\" class=\"elementor elementor-822\" data-elementor-post-type=\"page\">\n\t\t\t\t<div class=\"elementor-element elementor-element-93aaa13 e-flex e-con-boxed e-con e-parent\" data-id=\"93aaa13\" data-element_type=\"container\" data-settings=\"{&quot;background_background&quot;:&quot;classic&quot;}\">\n\t\t\t\t\t<div class=\"e-con-inner\">\n\t\t\t\t<div class=\"elementor-element elementor-element-61e3250 elementor-widget elementor-widget-heading\" data-id=\"61e3250\" data-element_type=\"widget\" data-widget_type=\"heading.default\">\n\t\t\t\t<div class=\"elementor-widget-container\">\n\t\t\t\t\t<h4 class=\"elementor-heading-title elementor-size-default\">PROJECTS &amp; BLOG<\/h4>\t\t\t\t<\/div>\n\t\t\t\t<\/div>\n\t\t\t\t<div class=\"elementor-element elementor-element-0a5089f elementor-widget elementor-widget-heading\" data-id=\"0a5089f\" data-element_type=\"widget\" data-widget_type=\"heading.default\">\n\t\t\t\t<div class=\"elementor-widget-container\">\n\t\t\t\t\t<h2 class=\"elementor-heading-title elementor-size-default\">Project Gallery and Renovation Tips<\/h2>\t\t\t\t<\/div>\n\t\t\t\t<\/div>\n\t\t\t\t<div class=\"elementor-element elementor-element-e099bc4 elementor-widget elementor-widget-text-editor\" data-id=\"e099bc4\" data-element_type=\"widget\" data-widget_type=\"text-editor.default\">\n\t\t\t\t<div class=\"elementor-widget-container\">\n\t\t\t\t\t\t\t\t\t<p class=\"cvGsUA direction-ltr align-center para-style-body\"><span class=\"OYPEnA font-feature-liga-off font-feature-clig-off font-feature-calt-off text-decoration-none text-strikethrough-none\">Explore our recent projects in Brossard and the greater Montreal area. Get inspired<\/span><\/p><p class=\"cvGsUA direction-ltr align-center para-style-body\"><span class=\"OYPEnA font-feature-liga-off font-feature-clig-off font-feature-calt-off text-decoration-none text-strikethrough-none\">by our work in residential renovations and home additions.<\/span><\/p><p class=\"cvGsUA direction-ltr align-center para-style-body\"><span class=\"OYPEnA font-feature-liga-off font-feature-clig-off font-feature-calt-off text-decoration-none text-strikethrough-none\">Visit our blog for articles in both French and English on trends,<\/span><\/p><p class=\"cvGsUA direction-ltr align-center para-style-body\"><span class=\"OYPEnA font-feature-liga-off font-feature-clig-off font-feature-calt-off text-decoration-none text-strikethrough-none\">tips, and innovations in Quebec&#039;s\nrenovation industry.<\/span><\/p>\t\t\t\t\t\t\t\t<\/div>\n\t\t\t\t<\/div>\n\t\t<div class=\"elementor-element elementor-element-00d2c71 e-con-full e-flex e-con e-child\" data-id=\"00d2c71\" data-element_type=\"container\">\n\t\t\t\t<div class=\"elementor-element elementor-element-cc27dcd elementor-grid-2 elementor-grid-tablet-2 elementor-grid-mobile-1 elementor-widget elementor-widget-loop-grid\" data-id=\"cc27dcd\" data-element_type=\"widget\" data-settings=\"{&quot;template_id&quot;:&quot;996&quot;,&quot;columns&quot;:2,&quot;row_gap&quot;:{&quot;unit&quot;:&quot;px&quot;,&quot;size&quot;:30,&quot;sizes&quot;:[]},&quot;_skin&quot;:&quot;post&quot;,&quot;columns_tablet&quot;:&quot;2&quot;,&quot;columns_mobile&quot;:&quot;1&quot;,&quot;edit_handle_selector&quot;:&quot;[data-elementor-type=\\&quot;loop-item\\&quot;]&quot;,&quot;row_gap_tablet&quot;:{&quot;unit&quot;:&quot;px&quot;,&quot;size&quot;:&quot;&quot;,&quot;sizes&quot;:[]},&quot;row_gap_mobile&quot;:{&quot;unit&quot;:&quot;px&quot;,&quot;size&quot;:&quot;&quot;,&quot;sizes&quot;:[]}}\" data-widget_type=\"loop-grid.post\">\n\t\t\t\t<div class=\"elementor-widget-container\">\n\t\t\t\t\t\t\t<div class=\"elementor-loop-container elementor-grid\">\n\t\t<style id=\"loop-996\">.elementor-996 .elementor-element.elementor-element-3caf3f8{--display:flex;--flex-direction:column;--container-widget-width:100%;--container-widget-height:initial;--container-widget-flex-grow:0;--container-widget-align-self:initial;--flex-wrap-mobile:wrap;--gap:25px 25px;--row-gap:25px;--column-gap:25px;--padding-top:30px;--padding-bottom:30px;--padding-left:30px;--padding-right:30px;}.elementor-996 .elementor-element.elementor-element-3caf3f8:not(.elementor-motion-effects-element-type-background), .elementor-996 .elementor-element.elementor-element-3caf3f8 > .elementor-motion-effects-container > .elementor-motion-effects-layer{background-color:#FFFFFF;}.elementor-widget-theme-post-featured-image .widget-image-caption{color:var( --e-global-color-text );font-family:var( --e-global-typography-text-font-family ), Sans-serif;font-weight:var( --e-global-typography-text-font-weight );}.elementor-996 .elementor-element.elementor-element-dbba24b{text-align:left;}.elementor-996 .elementor-element.elementor-element-dbba24b img{width:50%;border-radius:6px 6px 6px 6px;}.elementor-widget-theme-post-title .elementor-heading-title{font-family:var( --e-global-typography-primary-font-family ), Sans-serif;font-weight:var( --e-global-typography-primary-font-weight );color:var( --e-global-color-primary );}.elementor-996 .elementor-element.elementor-element-d79a6c5 .elementor-heading-title{font-family:\"twentieth century\", Sans-serif;font-size:22px;font-weight:600;color:#000000;}.elementor-widget-text-editor{font-family:var( --e-global-typography-text-font-family ), Sans-serif;font-weight:var( --e-global-typography-text-font-weight );color:var( --e-global-color-text );}.elementor-widget-text-editor.elementor-drop-cap-view-stacked .elementor-drop-cap{background-color:var( --e-global-color-primary );}.elementor-widget-text-editor.elementor-drop-cap-view-framed .elementor-drop-cap, .elementor-widget-text-editor.elementor-drop-cap-view-default .elementor-drop-cap{color:var( --e-global-color-primary );border-color:var( --e-global-color-primary );}.elementor-996 .elementor-element.elementor-element-38f9a1b > .elementor-widget-container{margin:0px 0px -10px 0px;}.elementor-996 .elementor-element.elementor-element-38f9a1b{font-family:\"twentieth century\", Sans-serif;font-size:18.4px;font-weight:400;color:#000000;}.elementor-widget-button .elementor-button{background-color:var( --e-global-color-accent );font-family:var( --e-global-typography-accent-font-family ), Sans-serif;font-weight:var( --e-global-typography-accent-font-weight );}.elementor-996 .elementor-element.elementor-element-df1f110 .elementor-button{background-color:#FFFFFF;font-family:\"twentieth century\", Sans-serif;font-size:18.4px;font-weight:400;fill:#000000;color:#000000;padding:0px 0px 10px 0px;}@media(max-width:767px){.elementor-996 .elementor-element.elementor-element-3caf3f8{--padding-top:25px;--padding-bottom:25px;--padding-left:25px;--padding-right:25px;}.elementor-996 .elementor-element.elementor-element-38f9a1b{font-size:19px;}}<\/style>\t\t<div data-elementor-type=\"loop-item\" data-elementor-id=\"996\" class=\"elementor elementor-996 e-loop-item e-loop-item-1017 post-1017 post type-post status-publish format-standard has-post-thumbnail hentry category-uncategorized tag-salle-de-bain\" data-elementor-post-type=\"elementor_library\" data-custom-edit-handle=\"1\">\n\t\t\t<div class=\"elementor-element elementor-element-3caf3f8 e-flex e-con-boxed e-con e-parent\" data-id=\"3caf3f8\" data-element_type=\"container\" data-settings=\"{&quot;background_background&quot;:&quot;classic&quot;}\">\n\t\t\t\t\t<div class=\"e-con-inner\">\n\t\t\t\t<div class=\"elementor-element elementor-element-dbba24b elementor-widget elementor-widget-theme-post-featured-image elementor-widget-image\" data-id=\"dbba24b\" data-element_type=\"widget\" data-widget_type=\"theme-post-featured-image.default\">\n\t\t\t\t<div class=\"elementor-widget-container\">\n\t\t\t\t\t\t\t\t\t\t\t\t\t\t\t\t<a href=\"https:\/\/cubikrenovation.com\/en\/2025\/04\/22\/a-venir\/\">\n\t\t\t\t\t\t\t<img fetchpriority=\"high\" decoding=\"async\" width=\"1920\" height=\"1736\" src=\"https:\/\/cubikrenovation.com\/wp-content\/uploads\/2025\/04\/b64c7bdaf902bb4211f0ef85b66e82fc.jpg-e1745231957731.jpeg\" class=\"attachment-full size-full wp-image-259\" alt=\"\" srcset=\"https:\/\/cubikrenovation.com\/wp-content\/uploads\/2025\/04\/b64c7bdaf902bb4211f0ef85b66e82fc.jpg-e1745231957731.jpeg 1920w, https:\/\/cubikrenovation.com\/wp-content\/uploads\/2025\/04\/b64c7bdaf902bb4211f0ef85b66e82fc.jpg-e1745231957731-300x271.jpeg 300w, https:\/\/cubikrenovation.com\/wp-content\/uploads\/2025\/04\/b64c7bdaf902bb4211f0ef85b66e82fc.jpg-e1745231957731-1024x926.jpeg 1024w, https:\/\/cubikrenovation.com\/wp-content\/uploads\/2025\/04\/b64c7bdaf902bb4211f0ef85b66e82fc.jpg-e1745231957731-768x694.jpeg 768w, https:\/\/cubikrenovation.com\/wp-content\/uploads\/2025\/04\/b64c7bdaf902bb4211f0ef85b66e82fc.jpg-e1745231957731-1536x1389.jpeg 1536w\" sizes=\"(max-width: 1920px) 100vw, 1920px\" \/>\t\t\t\t\t\t\t\t<\/a>\n\t\t\t\t\t\t\t\t\t\t\t\t\t\t\t<\/div>\n\t\t\t\t<\/div>\n\t\t\t\t<div class=\"elementor-element elementor-element-d79a6c5 elementor-widget elementor-widget-theme-post-title elementor-page-title elementor-widget-heading\" data-id=\"d79a6c5\" data-element_type=\"widget\" data-widget_type=\"theme-post-title.default\">\n\t\t\t\t<div class=\"elementor-widget-container\">\n\t\t\t\t\t<h1 class=\"elementor-heading-title elementor-size-default\"><a href=\"https:\/\/cubikrenovation.com\/en\/2025\/04\/22\/a-venir\/\">\u00c0 venir<\/a><\/h1>\t\t\t\t<\/div>\n\t\t\t\t<\/div>\n\t\t\t\t<div class=\"elementor-element elementor-element-38f9a1b elementor-widget elementor-widget-text-editor\" data-id=\"38f9a1b\" data-element_type=\"widget\" data-widget_type=\"text-editor.default\">\n\t\t\t\t<div class=\"elementor-widget-container\">\n\t\t\t\t\t\t\t\t\t<p>Lorem Ipsum is simply dummy text of the printing and typesetting industry&#8230;<\/p>\t\t\t\t\t\t\t\t<\/div>\n\t\t\t\t<\/div>\n\t\t\t\t<div class=\"elementor-element elementor-element-df1f110 elementor-align-left elementor-widget elementor-widget-button\" data-id=\"df1f110\" data-element_type=\"widget\" data-widget_type=\"button.default\">\n\t\t\t\t<div class=\"elementor-widget-container\">\n\t\t\t\t\t\t\t\t\t<div class=\"elementor-button-wrapper\">\n\t\t\t\t\t<a class=\"elementor-button elementor-button-link elementor-size-sm\" href=\"https:\/\/cubikrenovation.com\/en\/2025\/04\/22\/a-venir\/\">\n\t\t\t\t\t\t<span class=\"elementor-button-content-wrapper\">\n\t\t\t\t\t\t\t\t\t<span class=\"elementor-button-text\">LIRE LA SUITE >><\/span>\n\t\t\t\t\t<\/span>\n\t\t\t\t\t<\/a>\n\t\t\t\t<\/div>\n\t\t\t\t\t\t\t\t<\/div>\n\t\t\t\t<\/div>\n\t\t\t\t\t<\/div>\n\t\t\t\t<\/div>\n\t\t\t\t<\/div>\n\t\t\t\t<\/div>\n\t\t\n\t\t\t\t\t\t<\/div>\n\t\t\t\t<\/div>\n\t\t\t\t<\/div>\n\t\t\t\t<div class=\"elementor-element elementor-element-490473a elementor-widget elementor-widget-heading\" data-id=\"490473a\" data-element_type=\"widget\" data-widget_type=\"heading.default\">\n\t\t\t\t<div class=\"elementor-widget-container\">\n\t\t\t\t\t<h2 class=\"elementor-heading-title elementor-size-default\">Our projects<\/h2>\t\t\t\t<\/div>\n\t\t\t\t<\/div>\n\t\t\t\t<div class=\"elementor-element elementor-element-c6ec5b1 elementor-arrows-position-outside elementor-widget elementor-widget-image-carousel\" data-id=\"c6ec5b1\" data-element_type=\"widget\" data-settings=\"{&quot;slides_to_show&quot;:&quot;3&quot;,&quot;slides_to_scroll&quot;:&quot;1&quot;,&quot;navigation&quot;:&quot;arrows&quot;,&quot;autoplay_speed&quot;:2000,&quot;autoplay&quot;:&quot;yes&quot;,&quot;pause_on_interaction&quot;:&quot;yes&quot;,&quot;infinite&quot;:&quot;yes&quot;,&quot;speed&quot;:500,&quot;image_spacing_custom&quot;:{&quot;unit&quot;:&quot;px&quot;,&quot;size&quot;:20,&quot;sizes&quot;:[]},&quot;image_spacing_custom_tablet&quot;:{&quot;unit&quot;:&quot;px&quot;,&quot;size&quot;:&quot;&quot;,&quot;sizes&quot;:[]},&quot;image_spacing_custom_mobile&quot;:{&quot;unit&quot;:&quot;px&quot;,&quot;size&quot;:&quot;&quot;,&quot;sizes&quot;:[]}}\" data-widget_type=\"image-carousel.default\">\n\t\t\t\t<div class=\"elementor-widget-container\">\n\t\t\t\t\t\t\t<div class=\"elementor-image-carousel-wrapper swiper\" role=\"region\" aria-roledescription=\"carousel\" aria-label=\"Image Carousel\" dir=\"ltr\">\n\t\t\t<div class=\"elementor-image-carousel swiper-wrapper\" aria-live=\"off\">\n\t\t\t\t\t\t\t\t<div class=\"swiper-slide\" role=\"group\" aria-roledescription=\"slide\" aria-label=\"1 of 4\"><figure class=\"swiper-slide-inner\"><img decoding=\"async\" class=\"swiper-slide-image\" src=\"https:\/\/cubikrenovation.com\/wp-content\/uploads\/elementor\/thumbs\/b64c7bdaf902bb4211f0ef85b66e82fc.jpg-e1745231957731-r5dw9t90wjz15hvsn3rwswf1up7a7n924km02zceuk.jpeg\" alt=\"b64c7bdaf902bb4211f0ef85b66e82fc.jpg\" \/><\/figure><\/div><div class=\"swiper-slide\" role=\"group\" aria-roledescription=\"slide\" aria-label=\"2 of 4\"><figure class=\"swiper-slide-inner\"><img decoding=\"async\" class=\"swiper-slide-image\" src=\"https:\/\/cubikrenovation.com\/wp-content\/uploads\/elementor\/thumbs\/6ad37dcbcab06433c84df3f530a5ec2f.jpg-r5dw9t90wjz15hvsn3rwswf1up7a7n924km02zceuk.jpeg\" alt=\"6ad37dcbcab06433c84df3f530a5ec2f.jpg\" \/><\/figure><\/div><div class=\"swiper-slide\" role=\"group\" aria-roledescription=\"slide\" aria-label=\"3 of 4\"><figure class=\"swiper-slide-inner\"><img decoding=\"async\" class=\"swiper-slide-image\" src=\"https:\/\/cubikrenovation.com\/wp-content\/uploads\/elementor\/thumbs\/71a0aa539f548b9989438ce864c730ad.jpg-r5dw9t90wjz15hvsn3rwswf1up7a7n924km02zceuk.jpeg\" alt=\"71a0aa539f548b9989438ce864c730ad.jpg\" \/><\/figure><\/div><div class=\"swiper-slide\" role=\"group\" aria-roledescription=\"slide\" aria-label=\"4 of 4\"><figure class=\"swiper-slide-inner\"><img decoding=\"async\" class=\"swiper-slide-image\" src=\"https:\/\/cubikrenovation.com\/wp-content\/uploads\/elementor\/thumbs\/377b6b608f2c687fa484425813f0d9b0.jpg-r5dw9t90wjz15hvsn3rwswf1up7a7n924km02zceuk.jpeg\" alt=\"377b6b608f2c687fa484425813f0d9b0.jpg\" \/><\/figure><\/div>\t\t\t<\/div>\n\t\t\t\t\t\t\t\t\t\t\t\t<div class=\"elementor-swiper-button elementor-swiper-button-prev\" role=\"button\" tabindex=\"0\">\n\t\t\t\t\t\t<svg aria-hidden=\"true\" class=\"e-font-icon-svg e-fas-chevron-circle-left\" viewbox=\"0 0 512 512\" xmlns=\"http:\/\/www.w3.org\/2000\/svg\"><path d=\"M256 504C119 504 8 393 8 256S119 8 256 8s248 111 248 248-111 248-248 248zM142.1 273l135.5 135.5c9.4 9.4 24.6 9.4 33.9 0l17-17c9.4-9.4 9.4-24.6 0-33.9L226.9 256l101.6-101.6c9.4-9.4 9.4-24.6 0-33.9l-17-17c-9.4-9.4-24.6-9.4-33.9 0L142.1 239c-9.4 9.4-9.4 24.6 0 34z\"><\/path><\/svg>\t\t\t\t\t<\/div>\n\t\t\t\t\t<div class=\"elementor-swiper-button elementor-swiper-button-next\" role=\"button\" tabindex=\"0\">\n\t\t\t\t\t\t<svg aria-hidden=\"true\" class=\"e-font-icon-svg e-fas-chevron-circle-right\" viewbox=\"0 0 512 512\" xmlns=\"http:\/\/www.w3.org\/2000\/svg\"><path d=\"M256 8c137 0 248 111 248 248S393 504 256 504 8 393 8 256 119 8 256 8zm113.9 231L234.4 103.5c-9.4-9.4-24.6-9.4-33.9 0l-17 17c-9.4 9.4-9.4 24.6 0 33.9L285.1 256 183.5 357.6c-9.4 9.4-9.4 24.6 0 33.9l17 17c9.4 9.4 24.6 9.4 33.9 0L369.9 273c9.4-9.4 9.4-24.6 0-34z\"><\/path><\/svg>\t\t\t\t\t<\/div>\n\t\t\t\t\n\t\t\t\t\t\t\t\t\t<\/div>\n\t\t\t\t\t\t<\/div>\n\t\t\t\t<\/div>\n\t\t\t\t\t<\/div>\n\t\t\t\t<\/div>\n\t\t\t\t<\/div>","protected":false},"excerpt":{"rendered":"<p>R\u00c9ALISATIONS &#038; BLOGUE Galerie de projets et conseils en r\u00e9novation D\u00e9couvrez nos projets r\u00e9cents \u00e0 Brossard et dans la grande r\u00e9gion de Montr\u00e9al. Inspirez-vous de nos r\u00e9alisations en r\u00e9novation r\u00e9sidentielle et agrandissement de maison. Visitez \u00e9galement notre blogue pour des articles en fran\u00e7ais et en anglais sur les tendances, astuces et innovations dans le domaine [&hellip;]<\/p>","protected":false},"author":1,"featured_media":0,"parent":0,"menu_order":0,"comment_status":"closed","ping_status":"closed","template":"elementor_header_footer","meta":{"footnotes":""},"class_list":["post-822","page","type-page","status-publish","hentry"],"_links":{"self":[{"href":"https:\/\/cubikrenovation.com\/en\/wp-json\/wp\/v2\/pages\/822","targetHints":{"allow":["GET"]}}],"collection":[{"href":"https:\/\/cubikrenovation.com\/en\/wp-json\/wp\/v2\/pages"}],"about":[{"href":"https:\/\/cubikrenovation.com\/en\/wp-json\/wp\/v2\/types\/page"}],"author":[{"embeddable":true,"href":"https:\/\/cubikrenovation.com\/en\/wp-json\/wp\/v2\/users\/1"}],"replies":[{"embeddable":true,"href":"https:\/\/cubikrenovation.com\/en\/wp-json\/wp\/v2\/comments?post=822"}],"version-history":[{"count":80,"href":"https:\/\/cubikrenovation.com\/en\/wp-json\/wp\/v2\/pages\/822\/revisions"}],"predecessor-version":[{"id":1408,"href":"https:\/\/cubikrenovation.com\/en\/wp-json\/wp\/v2\/pages\/822\/revisions\/1408"}],"wp:attachment":[{"href":"https:\/\/cubikrenovation.com\/en\/wp-json\/wp\/v2\/media?parent=822"}],"curies":[{"name":"wp","href":"https:\/\/api.w.org\/{rel}","templated":true}]}}